{"id":9692,"date":"2023-07-18T23:39:33","date_gmt":"2023-07-18T20:39:33","guid":{"rendered":"https:\/\/sevenspikes.com.tr\/kurumsal\/"},"modified":"2023-07-18T23:40:54","modified_gmt":"2023-07-18T20:40:54","slug":"corporate","status":"publish","type":"page","link":"https:\/\/www.sevenspikes.com.tr\/en\/corporate\/","title":{"rendered":"Corporate"},"content":{"rendered":"","protected":false},"excerpt":{"rendered":"","protected":false},"author":1,"featured_media":0,"parent":0,"menu_order":0,"comment_status":"closed","ping_status":"closed","template":"","meta":{"inline_featured_image":false,"footnotes":""},"class_list":["post-9692","page","type-page","status-publish","hentry"],"yoast_head":"<!-- This site is optimized with the Yoast SEO plugin v24.5 - https:\/\/yoast.com\/wordpress\/plugins\/seo\/ -->\n<title>Corporate - Seven Spikes T\u00fcrkiye<\/title>\n<meta name=\"robots\" content=\"index, follow, max-snippet:-1, max-image-preview:large, max-video-preview:-1\" \/>\n<link rel=\"canonical\" href=\"https:\/\/www.sevenspikes.com.tr\/kurumsal\/\" \/>\n<meta property=\"og:locale\" content=\"en_US\" \/>\n<meta property=\"og:type\" content=\"article\" \/>\n<meta property=\"og:title\" content=\"Corporate - Seven Spikes T\u00fcrkiye\" \/>\n<meta property=\"og:url\" content=\"https:\/\/www.sevenspikes.com.tr\/kurumsal\/\" \/>\n<meta property=\"og:site_name\" content=\"Seven Spikes T\u00fcrkiye\" \/>\n<meta property=\"article:modified_time\" content=\"2023-07-18T20:40:54+00:00\" \/>\n<meta name=\"twitter:card\" content=\"summary_large_image\" \/>\n<script type=\"application\/ld+json\" class=\"yoast-schema-graph\">{\"@context\":\"https:\/\/schema.org\",\"@graph\":[{\"@type\":\"WebPage\",\"@id\":\"https:\/\/www.sevenspikes.com.tr\/kurumsal\/\",\"url\":\"https:\/\/www.sevenspikes.com.tr\/kurumsal\/\",\"name\":\"Corporate - Seven Spikes T\u00fcrkiye\",\"isPartOf\":{\"@id\":\"https:\/\/www.sevenspikes.com.tr\/#website\"},\"datePublished\":\"2023-07-18T20:39:33+00:00\",\"dateModified\":\"2023-07-18T20:40:54+00:00\",\"inLanguage\":\"en-US\",\"potentialAction\":[{\"@type\":\"ReadAction\",\"target\":[\"https:\/\/www.sevenspikes.com.tr\/kurumsal\/\"]}]},{\"@type\":\"WebSite\",\"@id\":\"https:\/\/www.sevenspikes.com.tr\/#website\",\"url\":\"https:\/\/www.sevenspikes.com.tr\/\",\"name\":\"Seven Spikes T\u00fcrkiye\",\"description\":\"\u0130n\u015faat - Yat\u0131r\u0131m Dan\u0131\u015fmanl\u0131k ve Gayrimenkul Ticaret\",\"publisher\":{\"@id\":\"https:\/\/www.sevenspikes.com.tr\/#organization\"},\"potentialAction\":[{\"@type\":\"SearchAction\",\"target\":{\"@type\":\"EntryPoint\",\"urlTemplate\":\"https:\/\/www.sevenspikes.com.tr\/?s={search_term_string}\"},\"query-input\":{\"@type\":\"PropertyValueSpecification\",\"valueRequired\":true,\"valueName\":\"search_term_string\"}}],\"inLanguage\":\"en-US\"},{\"@type\":\"Organization\",\"@id\":\"https:\/\/www.sevenspikes.com.tr\/#organization\",\"name\":\"Seven Spikes T\u00fcrkiye\",\"url\":\"https:\/\/www.sevenspikes.com.tr\/\",\"logo\":{\"@type\":\"ImageObject\",\"inLanguage\":\"en-US\",\"@id\":\"https:\/\/www.sevenspikes.com.tr\/#\/schema\/logo\/image\/\",\"url\":\"https:\/\/www.sevenspikes.com.tr\/wp-content\/uploads\/2023\/02\/seven.png\",\"contentUrl\":\"https:\/\/www.sevenspikes.com.tr\/wp-content\/uploads\/2023\/02\/seven.png\",\"width\":300,\"height\":180,\"caption\":\"Seven Spikes T\u00fcrkiye\"},\"image\":{\"@id\":\"https:\/\/www.sevenspikes.com.tr\/#\/schema\/logo\/image\/\"}}]}<\/script>\n<!-- \/ Yoast SEO plugin. -->","yoast_head_json":{"title":"Corporate - Seven Spikes T\u00fcrkiye","robots":{"index":"index","follow":"follow","max-snippet":"max-snippet:-1","max-image-preview":"max-image-preview:large","max-video-preview":"max-video-preview:-1"},"canonical":"https:\/\/www.sevenspikes.com.tr\/kurumsal\/","og_locale":"en_US","og_type":"article","og_title":"Corporate - Seven Spikes T\u00fcrkiye","og_url":"https:\/\/www.sevenspikes.com.tr\/kurumsal\/","og_site_name":"Seven Spikes T\u00fcrkiye","article_modified_time":"2023-07-18T20:40:54+00:00","twitter_card":"summary_large_image","schema":{"@context":"https:\/\/schema.org","@graph":[{"@type":"WebPage","@id":"https:\/\/www.sevenspikes.com.tr\/kurumsal\/","url":"https:\/\/www.sevenspikes.com.tr\/kurumsal\/","name":"Corporate - Seven Spikes T\u00fcrkiye","isPartOf":{"@id":"https:\/\/www.sevenspikes.com.tr\/#website"},"datePublished":"2023-07-18T20:39:33+00:00","dateModified":"2023-07-18T20:40:54+00:00","inLanguage":"en-US","potentialAction":[{"@type":"ReadAction","target":["https:\/\/www.sevenspikes.com.tr\/kurumsal\/"]}]},{"@type":"WebSite","@id":"https:\/\/www.sevenspikes.com.tr\/#website","url":"https:\/\/www.sevenspikes.com.tr\/","name":"Seven Spikes T\u00fcrkiye","description":"\u0130n\u015faat - Yat\u0131r\u0131m Dan\u0131\u015fmanl\u0131k ve Gayrimenkul Ticaret","publisher":{"@id":"https:\/\/www.sevenspikes.com.tr\/#organization"},"potentialAction":[{"@type":"SearchAction","target":{"@type":"EntryPoint","urlTemplate":"https:\/\/www.sevenspikes.com.tr\/?s={search_term_string}"},"query-input":{"@type":"PropertyValueSpecification","valueRequired":true,"valueName":"search_term_string"}}],"inLanguage":"en-US"},{"@type":"Organization","@id":"https:\/\/www.sevenspikes.com.tr\/#organization","name":"Seven Spikes T\u00fcrkiye","url":"https:\/\/www.sevenspikes.com.tr\/","logo":{"@type":"ImageObject","inLanguage":"en-US","@id":"https:\/\/www.sevenspikes.com.tr\/#\/schema\/logo\/image\/","url":"https:\/\/www.sevenspikes.com.tr\/wp-content\/uploads\/2023\/02\/seven.png","contentUrl":"https:\/\/www.sevenspikes.com.tr\/wp-content\/uploads\/2023\/02\/seven.png","width":300,"height":180,"caption":"Seven Spikes T\u00fcrkiye"},"image":{"@id":"https:\/\/www.sevenspikes.com.tr\/#\/schema\/logo\/image\/"}}]}},"_links":{"self":[{"href":"https:\/\/www.sevenspikes.com.tr\/en\/wp-json\/wp\/v2\/pages\/9692","targetHints":{"allow":["GET"]}}],"collection":[{"href":"https:\/\/www.sevenspikes.com.tr\/en\/wp-json\/wp\/v2\/pages"}],"about":[{"href":"https:\/\/www.sevenspikes.com.tr\/en\/wp-json\/wp\/v2\/types\/page"}],"author":[{"embeddable":true,"href":"https:\/\/www.sevenspikes.com.tr\/en\/wp-json\/wp\/v2\/users\/1"}],"replies":[{"embeddable":true,"href":"https:\/\/www.sevenspikes.com.tr\/en\/wp-json\/wp\/v2\/comments?post=9692"}],"version-history":[{"count":1,"href":"https:\/\/www.sevenspikes.com.tr\/en\/wp-json\/wp\/v2\/pages\/9692\/revisions"}],"predecessor-version":[{"id":9693,"href":"https:\/\/www.sevenspikes.com.tr\/en\/wp-json\/wp\/v2\/pages\/9692\/revisions\/9693"}],"wp:attachment":[{"href":"https:\/\/www.sevenspikes.com.tr\/en\/wp-json\/wp\/v2\/media?parent=9692"}],"curies":[{"name":"wp","href":"https:\/\/api.w.org\/{rel}","templated":true}]}}