{"id":9327,"date":"2023-03-01T20:22:12","date_gmt":"2023-03-01T17:22:12","guid":{"rendered":"https:\/\/sevenspikes.com.tr\/security-supplies\/"},"modified":"2023-07-07T18:35:27","modified_gmt":"2023-07-07T15:35:27","slug":"security-supplies","status":"publish","type":"page","link":"https:\/\/www.sevenspikes.com.tr\/en\/security-supplies\/","title":{"rendered":"Security Supplies"},"content":{"rendered":"\t\t<div data-elementor-type=\"wp-page\" data-elementor-id=\"9327\" class=\"elementor elementor-9327 elementor-7232\">\n\t\t\t\t\t\t<section class=\"elementor-section elementor-top-section elementor-element elementor-element-02891bc elementor-section-stretched elementor-section-boxed elementor-section-height-default elementor-section-height-default\" data-id=\"02891bc\" data-element_type=\"section\" data-settings=\"{&quot;stretch_section&quot;:&quot;section-stretched&quot;}\">\n\t\t\t\t\t\t<div class=\"elementor-container elementor-column-gap-no\">\n\t\t\t\t\t<div class=\"elementor-column elementor-col-100 elementor-top-column elementor-element elementor-element-d3674d5\" data-id=\"d3674d5\" data-element_type=\"column\">\n\t\t\t<div class=\"elementor-widget-wrap elementor-element-populated\">\n\t\t\t\t\t\t<div class=\"elementor-element elementor-element-82cb2a2 animated-fast elementor-invisible elementor-widget elementor-widget-heading\" data-id=\"82cb2a2\" data-element_type=\"widget\" data-settings=\"{&quot;_animation&quot;:&quot;opal-move-up&quot;}\" data-widget_type=\"heading.default\">\n\t\t\t\t<div class=\"elementor-widget-container\">\n\t\t\t\t\t<div class=\"elementor-heading-wrapper\" ><div class=\"elementor-heading-wrapper-inner\"><h2 class=\"elementor-heading-title elementor-size-default\">Security Supplies<\/h2><\/div><\/div>\t\t\t\t<\/div>\n\t\t\t\t<\/div>\n\t\t\t\t<section class=\"elementor-section elementor-inner-section elementor-element elementor-element-6e3bb01 elementor-section-content-middle elementor-section-boxed elementor-section-height-default elementor-section-height-default\" data-id=\"6e3bb01\" data-element_type=\"section\">\n\t\t\t\t\t\t<div class=\"elementor-container elementor-column-gap-no\">\n\t\t\t\t\t<div class=\"elementor-column elementor-col-50 elementor-inner-column elementor-element elementor-element-a44f191\" data-id=\"a44f191\" data-element_type=\"column\">\n\t\t\t<div class=\"elementor-widget-wrap elementor-element-populated\">\n\t\t\t\t\t\t<div class=\"elementor-element elementor-element-1079585 animated-fast elementor-invisible elementor-widget elementor-widget-text-editor\" data-id=\"1079585\" data-element_type=\"widget\" data-settings=\"{&quot;_animation&quot;:&quot;opal-move-up&quot;}\" data-widget_type=\"text-editor.default\">\n\t\t\t\t<div class=\"elementor-widget-container\">\n\t\t\t\t\t        <div class=\"elementor-text-editor elementor-clearfix\"><p>With the vision of being a versatile organization in the global market, Seven Spikes has expanded its business network to Turkey in addition to leading Highway Contracting and building construction initiatives based in Dubai, United Arab Emirates.<\/p>\n<p>Seven Spikes Investment and Consulting LTD, one of the fastest growing companies based in Kocaeli, Izmit, General Trade, Real Estate Brokerage, Building Construction, Facility Management and Project Management.<\/p>\n<p><span>With a history of working with large, established and registered clients in Dubai, United Arab Emirates, Seven Spikes has developed a reputation for quality craftsmanship, flexibility and timely completion of our projects to the highest standards. <\/span><span>Our valued customers, whom we see as our business partners, have been with us since our establishment due to our commitment to customer satisfaction.<\/span><\/p>\n<\/div>\n        \t\t\t\t<\/div>\n\t\t\t\t<\/div>\n\t\t\t\t\t<\/div>\n\t\t<\/div>\n\t\t\t\t<div class=\"elementor-column elementor-col-50 elementor-inner-column elementor-element elementor-element-1f5b67a\" data-id=\"1f5b67a\" data-element_type=\"column\">\n\t\t\t<div class=\"elementor-widget-wrap elementor-element-populated\">\n\t\t\t\t\t\t<div class=\"elementor-element elementor-element-76654f9 elementor-widget elementor-widget-image\" data-id=\"76654f9\" data-element_type=\"widget\" data-widget_type=\"image.default\">\n\t\t\t\t<div class=\"elementor-widget-container\">\n\t\t\t\t\t\t\t\t\t\t\t\t\t\t\t<img fetchpriority=\"high\" decoding=\"async\" width=\"600\" height=\"380\" src=\"https:\/\/www.sevenspikes.com.tr\/wp-content\/uploads\/2023\/03\/image-9.jpg\" class=\"attachment-full size-full wp-image-7233\" alt=\"\" srcset=\"https:\/\/www.sevenspikes.com.tr\/wp-content\/uploads\/2023\/03\/image-9.jpg 600w, https:\/\/www.sevenspikes.com.tr\/wp-content\/uploads\/2023\/03\/image-9-300x190.jpg 300w\" sizes=\"(max-width: 600px) 100vw, 600px\" \/>\t\t\t\t\t\t\t\t\t\t\t\t\t\t\t<\/div>\n\t\t\t\t<\/div>\n\t\t\t\t\t<\/div>\n\t\t<\/div>\n\t\t\t\t\t<\/div>\n\t\t<\/section>\n\t\t\t\t\t<\/div>\n\t\t<\/div>\n\t\t\t\t\t<\/div>\n\t\t<\/section>\n\t\t\t\t<section class=\"elementor-section elementor-top-section elementor-element elementor-element-7cc9610 elementor-section-stretched elementor-section-boxed elementor-section-height-default elementor-section-height-default\" data-id=\"7cc9610\" data-element_type=\"section\" data-settings=\"{&quot;stretch_section&quot;:&quot;section-stretched&quot;,&quot;background_background&quot;:&quot;classic&quot;}\">\n\t\t\t\t\t\t\t<div class=\"elementor-background-overlay\"><\/div>\n\t\t\t\t\t\t\t<div class=\"elementor-container elementor-column-gap-no\">\n\t\t\t\t\t<div class=\"elementor-column elementor-col-50 elementor-top-column elementor-element elementor-element-315e710 animated-fast elementor-invisible\" data-id=\"315e710\" data-element_type=\"column\" data-settings=\"{&quot;background_background&quot;:&quot;classic&quot;,&quot;animation&quot;:&quot;opal-move-up&quot;}\">\n\t\t\t<div class=\"elementor-widget-wrap elementor-element-populated\">\n\t\t\t\t\t\t<div class=\"elementor-element elementor-element-06336e5 elementor-position-left elementor-view-default icon-box-default elementor-vertical-align-top elementor-widget elementor-widget-icon-box\" data-id=\"06336e5\" data-element_type=\"widget\" data-widget_type=\"icon-box.default\">\n\t\t\t\t<div class=\"elementor-widget-container\">\n\t\t\t\t\t        <div class=\"elementor-icon-box-wrapper elementor-button-\">\n                <div class=\"elementor-icon-box-icon\">\n        <span class=\"elementor-icon elementor-animation-\" >\n                    <i class=\"opal-icon- opal-icon-city opal-custom\" aria-hidden=\"true\"><\/i>\n                <\/span>\n        <\/div>\n            <div class=\"elementor-icon-box-content\">\n        <h3 class=\"elementor-icon-box-title\">\n        <span >About Our Projects<\/span>\n        <\/h3>\n\n        <p class=\"elementor-icon-box-description\">Investing in our projects can give you satisfying returns and can stregthen our relationship.<\/p>\n\n        \n        <\/div>\n        <\/div>\n        \t\t\t\t<\/div>\n\t\t\t\t<\/div>\n\t\t\t\t<div class=\"elementor-element elementor-element-f4eca34 elementor-button-underline elementor-mobile-align-center elementor-widget elementor-widget-button\" data-id=\"f4eca34\" data-element_type=\"widget\" data-widget_type=\"button.default\">\n\t\t\t\t<div class=\"elementor-widget-container\">\n\t\t\t\t\t        <div class=\"elementor-button-wrapper\">\n            <a href=\"#\" class=\"elementor-button-link elementor-button elementor-size-lg\" role=\"button\">\n                \t\t<span class=\"elementor-button-content-wrapper\">\n\t\t\t\t\t\t\t\t\t<span class=\"elementor-button-text\">All Projects<\/span>\n\t\t\t\t\t<\/span>\n\t\t            <\/a>\n        <\/div>\n        \t\t\t\t<\/div>\n\t\t\t\t<\/div>\n\t\t\t\t\t<\/div>\n\t\t<\/div>\n\t\t\t\t<div class=\"elementor-column elementor-col-50 elementor-top-column elementor-element elementor-element-e557182 animated-fast elementor-invisible\" data-id=\"e557182\" data-element_type=\"column\" data-settings=\"{&quot;background_background&quot;:&quot;classic&quot;,&quot;animation&quot;:&quot;opal-move-up&quot;,&quot;animation_delay&quot;:100}\">\n\t\t\t<div class=\"elementor-widget-wrap elementor-element-populated\">\n\t\t\t\t\t\t<div class=\"elementor-element elementor-element-d8bee17 elementor-position-left elementor-view-default icon-box-default elementor-vertical-align-top elementor-widget elementor-widget-icon-box\" data-id=\"d8bee17\" data-element_type=\"widget\" data-widget_type=\"icon-box.default\">\n\t\t\t\t<div class=\"elementor-widget-container\">\n\t\t\t\t\t        <div class=\"elementor-icon-box-wrapper elementor-button-\">\n                <div class=\"elementor-icon-box-icon\">\n        <span class=\"elementor-icon elementor-animation-\" >\n                    <i class=\"opal-icon- opal-icon-bullseye-pointer opal-custom\" aria-hidden=\"true\"><\/i>\n                <\/span>\n        <\/div>\n            <div class=\"elementor-icon-box-content\">\n        <h3 class=\"elementor-icon-box-title\">\n        <span >Get Support<\/span>\n        <\/h3>\n\n        <p class=\"elementor-icon-box-description\">Joining hands with us can take your business concern to greater level of prosperity<\/p>\n\n        \n        <\/div>\n        <\/div>\n        \t\t\t\t<\/div>\n\t\t\t\t<\/div>\n\t\t\t\t<div class=\"elementor-element elementor-element-b8d498d elementor-button-underline elementor-mobile-align-center elementor-widget elementor-widget-button\" data-id=\"b8d498d\" data-element_type=\"widget\" data-widget_type=\"button.default\">\n\t\t\t\t<div class=\"elementor-widget-container\">\n\t\t\t\t\t        <div class=\"elementor-button-wrapper\">\n            <a href=\"#\" class=\"elementor-button-link elementor-button elementor-size-lg\" role=\"button\">\n                \t\t<span class=\"elementor-button-content-wrapper\">\n\t\t\t\t\t\t\t\t\t<span class=\"elementor-button-text\">Communication<\/span>\n\t\t\t\t\t<\/span>\n\t\t            <\/a>\n        <\/div>\n        \t\t\t\t<\/div>\n\t\t\t\t<\/div>\n\t\t\t\t\t<\/div>\n\t\t<\/div>\n\t\t\t\t\t<\/div>\n\t\t<\/section>\n\t\t\t\t<\/div>\n\t\t","protected":false},"excerpt":{"rendered":"<p>Security Supplies With the vision of being a versatile organization in the global market, Seven Spikes has expanded its business network to Turkey in addition to leading Highway Contracting and building construction initiatives based in Dubai, United Arab Emirates. Seven Spikes Investment and Consulting LTD, one of the fastest growing companies based in Kocaeli, Izmit, &hellip; <\/p>\n<p class=\"link-more\"><a href=\"https:\/\/www.sevenspikes.com.tr\/en\/security-supplies\/\" class=\"more-link\">Read More <span class=\"screen-reader-text\"> &#8220;Security Supplies&#8221;<\/span><\/a><\/p>\n","protected":false},"author":1,"featured_media":0,"parent":0,"menu_order":0,"comment_status":"closed","ping_status":"closed","template":"page-elementor.php","meta":{"inline_featured_image":false,"footnotes":""},"class_list":["post-9327","page","type-page","status-publish","hentry"],"yoast_head":"<!-- This site is optimized with the Yoast SEO plugin v24.5 - https:\/\/yoast.com\/wordpress\/plugins\/seo\/ -->\n<title>Security Supplies - Seven Spikes T\u00fcrkiye<\/title>\n<meta name=\"robots\" content=\"index, follow, max-snippet:-1, max-image-preview:large, max-video-preview:-1\" \/>\n<link rel=\"canonical\" href=\"https:\/\/www.sevenspikes.com.tr\/guvenlik-malzemeleri\/\" \/>\n<meta property=\"og:locale\" content=\"en_US\" \/>\n<meta property=\"og:type\" content=\"article\" \/>\n<meta property=\"og:title\" content=\"Security Supplies - Seven Spikes T\u00fcrkiye\" \/>\n<meta property=\"og:description\" content=\"Security Supplies With the vision of being a versatile organization in the global market, Seven Spikes has expanded its business network to Turkey in addition to leading Highway Contracting and building construction initiatives based in Dubai, United Arab Emirates. Seven Spikes Investment and Consulting LTD, one of the fastest growing companies based in Kocaeli, Izmit, &hellip; Read More &quot;Security Supplies&quot;\" \/>\n<meta property=\"og:url\" content=\"https:\/\/www.sevenspikes.com.tr\/guvenlik-malzemeleri\/\" \/>\n<meta property=\"og:site_name\" content=\"Seven Spikes T\u00fcrkiye\" \/>\n<meta property=\"article:modified_time\" content=\"2023-07-07T15:35:27+00:00\" \/>\n<meta property=\"og:image\" content=\"https:\/\/sevenspikes.com.tr\/wp-content\/uploads\/2023\/03\/image-9.jpg\" \/>\n<meta name=\"twitter:card\" content=\"summary_large_image\" \/>\n<meta name=\"twitter:label1\" content=\"Est. reading time\" \/>\n\t<meta name=\"twitter:data1\" content=\"1 minute\" \/>\n<script type=\"application\/ld+json\" class=\"yoast-schema-graph\">{\"@context\":\"https:\/\/schema.org\",\"@graph\":[{\"@type\":\"WebPage\",\"@id\":\"https:\/\/www.sevenspikes.com.tr\/guvenlik-malzemeleri\/\",\"url\":\"https:\/\/www.sevenspikes.com.tr\/guvenlik-malzemeleri\/\",\"name\":\"Security Supplies - Seven Spikes T\u00fcrkiye\",\"isPartOf\":{\"@id\":\"https:\/\/www.sevenspikes.com.tr\/#website\"},\"primaryImageOfPage\":{\"@id\":\"https:\/\/www.sevenspikes.com.tr\/guvenlik-malzemeleri\/#primaryimage\"},\"image\":{\"@id\":\"https:\/\/www.sevenspikes.com.tr\/guvenlik-malzemeleri\/#primaryimage\"},\"thumbnailUrl\":\"https:\/\/sevenspikes.com.tr\/wp-content\/uploads\/2023\/03\/image-9.jpg\",\"datePublished\":\"2023-03-01T17:22:12+00:00\",\"dateModified\":\"2023-07-07T15:35:27+00:00\",\"inLanguage\":\"en-US\",\"potentialAction\":[{\"@type\":\"ReadAction\",\"target\":[\"https:\/\/www.sevenspikes.com.tr\/guvenlik-malzemeleri\/\"]}]},{\"@type\":\"ImageObject\",\"inLanguage\":\"en-US\",\"@id\":\"https:\/\/www.sevenspikes.com.tr\/guvenlik-malzemeleri\/#primaryimage\",\"url\":\"https:\/\/sevenspikes.com.tr\/wp-content\/uploads\/2023\/03\/image-9.jpg\",\"contentUrl\":\"https:\/\/sevenspikes.com.tr\/wp-content\/uploads\/2023\/03\/image-9.jpg\"},{\"@type\":\"WebSite\",\"@id\":\"https:\/\/www.sevenspikes.com.tr\/#website\",\"url\":\"https:\/\/www.sevenspikes.com.tr\/\",\"name\":\"Seven Spikes T\u00fcrkiye\",\"description\":\"\u0130n\u015faat - Yat\u0131r\u0131m Dan\u0131\u015fmanl\u0131k ve Gayrimenkul Ticaret\",\"publisher\":{\"@id\":\"https:\/\/www.sevenspikes.com.tr\/#organization\"},\"potentialAction\":[{\"@type\":\"SearchAction\",\"target\":{\"@type\":\"EntryPoint\",\"urlTemplate\":\"https:\/\/www.sevenspikes.com.tr\/?s={search_term_string}\"},\"query-input\":{\"@type\":\"PropertyValueSpecification\",\"valueRequired\":true,\"valueName\":\"search_term_string\"}}],\"inLanguage\":\"en-US\"},{\"@type\":\"Organization\",\"@id\":\"https:\/\/www.sevenspikes.com.tr\/#organization\",\"name\":\"Seven Spikes T\u00fcrkiye\",\"url\":\"https:\/\/www.sevenspikes.com.tr\/\",\"logo\":{\"@type\":\"ImageObject\",\"inLanguage\":\"en-US\",\"@id\":\"https:\/\/www.sevenspikes.com.tr\/#\/schema\/logo\/image\/\",\"url\":\"https:\/\/www.sevenspikes.com.tr\/wp-content\/uploads\/2023\/02\/seven.png\",\"contentUrl\":\"https:\/\/www.sevenspikes.com.tr\/wp-content\/uploads\/2023\/02\/seven.png\",\"width\":300,\"height\":180,\"caption\":\"Seven Spikes T\u00fcrkiye\"},\"image\":{\"@id\":\"https:\/\/www.sevenspikes.com.tr\/#\/schema\/logo\/image\/\"}}]}<\/script>\n<!-- \/ Yoast SEO plugin. -->","yoast_head_json":{"title":"Security Supplies - Seven Spikes T\u00fcrkiye","robots":{"index":"index","follow":"follow","max-snippet":"max-snippet:-1","max-image-preview":"max-image-preview:large","max-video-preview":"max-video-preview:-1"},"canonical":"https:\/\/www.sevenspikes.com.tr\/guvenlik-malzemeleri\/","og_locale":"en_US","og_type":"article","og_title":"Security Supplies - Seven Spikes T\u00fcrkiye","og_description":"Security Supplies With the vision of being a versatile organization in the global market, Seven Spikes has expanded its business network to Turkey in addition to leading Highway Contracting and building construction initiatives based in Dubai, United Arab Emirates. Seven Spikes Investment and Consulting LTD, one of the fastest growing companies based in Kocaeli, Izmit, &hellip; Read More \"Security Supplies\"","og_url":"https:\/\/www.sevenspikes.com.tr\/guvenlik-malzemeleri\/","og_site_name":"Seven Spikes T\u00fcrkiye","article_modified_time":"2023-07-07T15:35:27+00:00","og_image":[{"url":"https:\/\/sevenspikes.com.tr\/wp-content\/uploads\/2023\/03\/image-9.jpg","type":"","width":"","height":""}],"twitter_card":"summary_large_image","twitter_misc":{"Est. reading time":"1 minute"},"schema":{"@context":"https:\/\/schema.org","@graph":[{"@type":"WebPage","@id":"https:\/\/www.sevenspikes.com.tr\/guvenlik-malzemeleri\/","url":"https:\/\/www.sevenspikes.com.tr\/guvenlik-malzemeleri\/","name":"Security Supplies - Seven Spikes T\u00fcrkiye","isPartOf":{"@id":"https:\/\/www.sevenspikes.com.tr\/#website"},"primaryImageOfPage":{"@id":"https:\/\/www.sevenspikes.com.tr\/guvenlik-malzemeleri\/#primaryimage"},"image":{"@id":"https:\/\/www.sevenspikes.com.tr\/guvenlik-malzemeleri\/#primaryimage"},"thumbnailUrl":"https:\/\/sevenspikes.com.tr\/wp-content\/uploads\/2023\/03\/image-9.jpg","datePublished":"2023-03-01T17:22:12+00:00","dateModified":"2023-07-07T15:35:27+00:00","inLanguage":"en-US","potentialAction":[{"@type":"ReadAction","target":["https:\/\/www.sevenspikes.com.tr\/guvenlik-malzemeleri\/"]}]},{"@type":"ImageObject","inLanguage":"en-US","@id":"https:\/\/www.sevenspikes.com.tr\/guvenlik-malzemeleri\/#primaryimage","url":"https:\/\/sevenspikes.com.tr\/wp-content\/uploads\/2023\/03\/image-9.jpg","contentUrl":"https:\/\/sevenspikes.com.tr\/wp-content\/uploads\/2023\/03\/image-9.jpg"},{"@type":"WebSite","@id":"https:\/\/www.sevenspikes.com.tr\/#website","url":"https:\/\/www.sevenspikes.com.tr\/","name":"Seven Spikes T\u00fcrkiye","description":"\u0130n\u015faat - Yat\u0131r\u0131m Dan\u0131\u015fmanl\u0131k ve Gayrimenkul Ticaret","publisher":{"@id":"https:\/\/www.sevenspikes.com.tr\/#organization"},"potentialAction":[{"@type":"SearchAction","target":{"@type":"EntryPoint","urlTemplate":"https:\/\/www.sevenspikes.com.tr\/?s={search_term_string}"},"query-input":{"@type":"PropertyValueSpecification","valueRequired":true,"valueName":"search_term_string"}}],"inLanguage":"en-US"},{"@type":"Organization","@id":"https:\/\/www.sevenspikes.com.tr\/#organization","name":"Seven Spikes T\u00fcrkiye","url":"https:\/\/www.sevenspikes.com.tr\/","logo":{"@type":"ImageObject","inLanguage":"en-US","@id":"https:\/\/www.sevenspikes.com.tr\/#\/schema\/logo\/image\/","url":"https:\/\/www.sevenspikes.com.tr\/wp-content\/uploads\/2023\/02\/seven.png","contentUrl":"https:\/\/www.sevenspikes.com.tr\/wp-content\/uploads\/2023\/02\/seven.png","width":300,"height":180,"caption":"Seven Spikes T\u00fcrkiye"},"image":{"@id":"https:\/\/www.sevenspikes.com.tr\/#\/schema\/logo\/image\/"}}]}},"_links":{"self":[{"href":"https:\/\/www.sevenspikes.com.tr\/en\/wp-json\/wp\/v2\/pages\/9327","targetHints":{"allow":["GET"]}}],"collection":[{"href":"https:\/\/www.sevenspikes.com.tr\/en\/wp-json\/wp\/v2\/pages"}],"about":[{"href":"https:\/\/www.sevenspikes.com.tr\/en\/wp-json\/wp\/v2\/types\/page"}],"author":[{"embeddable":true,"href":"https:\/\/www.sevenspikes.com.tr\/en\/wp-json\/wp\/v2\/users\/1"}],"replies":[{"embeddable":true,"href":"https:\/\/www.sevenspikes.com.tr\/en\/wp-json\/wp\/v2\/comments?post=9327"}],"version-history":[{"count":1,"href":"https:\/\/www.sevenspikes.com.tr\/en\/wp-json\/wp\/v2\/pages\/9327\/revisions"}],"predecessor-version":[{"id":9328,"href":"https:\/\/www.sevenspikes.com.tr\/en\/wp-json\/wp\/v2\/pages\/9327\/revisions\/9328"}],"wp:attachment":[{"href":"https:\/\/www.sevenspikes.com.tr\/en\/wp-json\/wp\/v2\/media?parent=9327"}],"curies":[{"name":"wp","href":"https:\/\/api.w.org\/{rel}","templated":true}]}}