{"id":10754,"date":"2019-10-23T09:17:55","date_gmt":"2019-10-23T06:17:55","guid":{"rendered":"https:\/\/sevenspikes.com.tr\/about-us\/"},"modified":"2025-02-20T21:07:40","modified_gmt":"2025-02-20T18:07:40","slug":"about-us","status":"publish","type":"page","link":"https:\/\/www.sevenspikes.com.tr\/en\/about-us\/","title":{"rendered":"About Us"},"content":{"rendered":"\t\t<div data-elementor-type=\"wp-page\" data-elementor-id=\"10754\" class=\"elementor elementor-10754 elementor-371\">\n\t\t\t\t\t\t<section class=\"elementor-section elementor-top-section elementor-element elementor-element-02891bc elementor-section-stretched elementor-section-boxed elementor-section-height-default elementor-section-height-default\" data-id=\"02891bc\" data-element_type=\"section\" data-settings=\"{&quot;stretch_section&quot;:&quot;section-stretched&quot;}\">\n\t\t\t\t\t\t<div class=\"elementor-container elementor-column-gap-no\">\n\t\t\t\t\t<div class=\"elementor-column elementor-col-100 elementor-top-column elementor-element elementor-element-d3674d5\" data-id=\"d3674d5\" data-element_type=\"column\">\n\t\t\t<div class=\"elementor-widget-wrap elementor-element-populated\">\n\t\t\t\t\t\t<section class=\"elementor-section elementor-inner-section elementor-element elementor-element-6e3bb01 elementor-section-content-middle elementor-section-boxed elementor-section-height-default elementor-section-height-default\" data-id=\"6e3bb01\" data-element_type=\"section\">\n\t\t\t\t\t\t<div class=\"elementor-container elementor-column-gap-no\">\n\t\t\t\t\t<div class=\"elementor-column elementor-col-50 elementor-inner-column elementor-element elementor-element-a44f191\" data-id=\"a44f191\" data-element_type=\"column\">\n\t\t\t<div class=\"elementor-widget-wrap elementor-element-populated\">\n\t\t\t\t\t\t<div class=\"elementor-element elementor-element-b0595e4 elementor-widget elementor-widget-heading\" data-id=\"b0595e4\" data-element_type=\"widget\" data-widget_type=\"heading.default\">\n\t\t\t\t<div class=\"elementor-widget-container\">\n\t\t\t\t\t<div class=\"elementor-heading-wrapper\" ><div class=\"elementor-heading-wrapper-inner\"><h2 class=\"elementor-heading-title elementor-size-default\"><b>About <\/b>Seven Spikes<\/h2><\/div><\/div>\t\t\t\t<\/div>\n\t\t\t\t<\/div>\n\t\t\t\t<div class=\"elementor-element elementor-element-1079585 animated-fast elementor-widget__width-initial elementor-invisible elementor-widget elementor-widget-text-editor\" data-id=\"1079585\" data-element_type=\"widget\" data-settings=\"{&quot;_animation&quot;:&quot;opal-move-up&quot;}\" data-widget_type=\"text-editor.default\">\n\t\t\t\t<div class=\"elementor-widget-container\">\n\t\t\t\t\t        <div class=\"elementor-text-editor elementor-clearfix\"><p>SevenSpikes, <b>a dynamic and rapidly growing<\/b> company headquartered in Dubai, has decided to expand its operations and establish a strong international presence.<\/p><p>As part of its expansion plan, SevenSpikes has <b>opened a new branch in Turkey in 2020<\/b>. This step marks an exciting milestone in the company\u2019s journey, aiming to expand its market reach and strengthen its global footprint.<\/p><p>Focusing on providing high-quality services and developing international partnerships, SevenSpikes is on its way to becoming a major player in the global arena by offering tailored solutions to the needs of customers in different regions.<\/p><\/div>\n        \t\t\t\t<\/div>\n\t\t\t\t<\/div>\n\t\t\t\t\t<\/div>\n\t\t<\/div>\n\t\t\t\t<div class=\"elementor-column elementor-col-50 elementor-inner-column elementor-element elementor-element-1f5b67a\" data-id=\"1f5b67a\" data-element_type=\"column\">\n\t\t\t<div class=\"elementor-widget-wrap elementor-element-populated\">\n\t\t\t\t\t\t<div class=\"elementor-element elementor-element-f415092 elementor-widget elementor-widget-image\" data-id=\"f415092\" data-element_type=\"widget\" data-widget_type=\"image.default\">\n\t\t\t\t<div class=\"elementor-widget-container\">\n\t\t\t\t\t\t\t\t\t\t\t\t\t\t\t<img fetchpriority=\"high\" decoding=\"async\" width=\"600\" height=\"396\" src=\"https:\/\/www.sevenspikes.com.tr\/wp-content\/uploads\/2025\/02\/modern-buildings-with-yellow-lines-1024x676.jpg\" class=\"attachment-large size-large wp-image-10270\" alt=\"\" srcset=\"https:\/\/www.sevenspikes.com.tr\/wp-content\/uploads\/2025\/02\/modern-buildings-with-yellow-lines-1024x676.jpg 1024w, https:\/\/www.sevenspikes.com.tr\/wp-content\/uploads\/2025\/02\/modern-buildings-with-yellow-lines-300x198.jpg 300w, https:\/\/www.sevenspikes.com.tr\/wp-content\/uploads\/2025\/02\/modern-buildings-with-yellow-lines-768x507.jpg 768w, https:\/\/www.sevenspikes.com.tr\/wp-content\/uploads\/2025\/02\/modern-buildings-with-yellow-lines-1536x1014.jpg 1536w, https:\/\/www.sevenspikes.com.tr\/wp-content\/uploads\/2025\/02\/modern-buildings-with-yellow-lines-2048x1353.jpg 2048w, https:\/\/www.sevenspikes.com.tr\/wp-content\/uploads\/2025\/02\/modern-buildings-with-yellow-lines-700x462.jpg 700w\" sizes=\"(max-width: 600px) 100vw, 600px\" \/>\t\t\t\t\t\t\t\t\t\t\t\t\t\t\t<\/div>\n\t\t\t\t<\/div>\n\t\t\t\t\t<\/div>\n\t\t<\/div>\n\t\t\t\t\t<\/div>\n\t\t<\/section>\n\t\t\t\t\t<\/div>\n\t\t<\/div>\n\t\t\t\t\t<\/div>\n\t\t<\/section>\n\t\t\t\t<section class=\"elementor-section elementor-top-section elementor-element elementor-element-3ad8761 elementor-section-stretched elementor-section-boxed elementor-section-height-default elementor-section-height-default\" data-id=\"3ad8761\" data-element_type=\"section\" data-settings=\"{&quot;stretch_section&quot;:&quot;section-stretched&quot;,&quot;background_background&quot;:&quot;classic&quot;}\">\n\t\t\t\t\t\t<div class=\"elementor-container elementor-column-gap-no\">\n\t\t\t\t\t<div class=\"elementor-column elementor-col-50 elementor-top-column elementor-element elementor-element-532a539 animated-fast elementor-invisible\" data-id=\"532a539\" data-element_type=\"column\" data-settings=\"{&quot;animation&quot;:&quot;opal-move-up&quot;}\">\n\t\t\t<div class=\"elementor-widget-wrap elementor-element-populated\">\n\t\t\t\t\t\t<div class=\"elementor-element elementor-element-9e12d6e elementor-widget elementor-widget-image\" data-id=\"9e12d6e\" data-element_type=\"widget\" data-widget_type=\"image.default\">\n\t\t\t\t<div class=\"elementor-widget-container\">\n\t\t\t\t\t\t\t\t\t\t\t\t\t\t\t<img decoding=\"async\" width=\"600\" height=\"410\" src=\"https:\/\/www.sevenspikes.com.tr\/wp-content\/uploads\/2025\/02\/modern-building-construction-1024x700.jpg\" class=\"attachment-large size-large wp-image-10153\" alt=\"\" srcset=\"https:\/\/www.sevenspikes.com.tr\/wp-content\/uploads\/2025\/02\/modern-building-construction-1024x700.jpg 1024w, https:\/\/www.sevenspikes.com.tr\/wp-content\/uploads\/2025\/02\/modern-building-construction-300x205.jpg 300w, https:\/\/www.sevenspikes.com.tr\/wp-content\/uploads\/2025\/02\/modern-building-construction-768x525.jpg 768w, https:\/\/www.sevenspikes.com.tr\/wp-content\/uploads\/2025\/02\/modern-building-construction-1536x1050.jpg 1536w, https:\/\/www.sevenspikes.com.tr\/wp-content\/uploads\/2025\/02\/modern-building-construction-2048x1400.jpg 2048w, https:\/\/www.sevenspikes.com.tr\/wp-content\/uploads\/2025\/02\/modern-building-construction-700x479.jpg 700w\" sizes=\"(max-width: 600px) 100vw, 600px\" \/>\t\t\t\t\t\t\t\t\t\t\t\t\t\t\t<\/div>\n\t\t\t\t<\/div>\n\t\t\t\t\t<\/div>\n\t\t<\/div>\n\t\t\t\t<div class=\"elementor-column elementor-col-50 elementor-top-column elementor-element elementor-element-1294364 animated-fast elementor-invisible\" data-id=\"1294364\" data-element_type=\"column\" data-settings=\"{&quot;animation&quot;:&quot;opal-move-up&quot;,&quot;animation_delay&quot;:100}\">\n\t\t\t<div class=\"elementor-widget-wrap elementor-element-populated\">\n\t\t\t\t\t\t<div class=\"elementor-element elementor-element-99675e4 icon-list-style1 elementor-icon-list--layout-traditional elementor-list-item-link-full_width elementor-widget elementor-widget-icon-list\" data-id=\"99675e4\" data-element_type=\"widget\" data-widget_type=\"icon-list.default\">\n\t\t\t\t<div class=\"elementor-widget-container\">\n\t\t\t\t\t\t\t<ul class=\"elementor-icon-list-items\">\n\t\t\t\t\t\t\t<li class=\"elementor-icon-list-item\">\n\t\t\t\t\t\t\t\t\t\t\t<span class=\"elementor-icon-list-icon\">\n\t\t\t\t\t\t\t<i aria-hidden=\"true\" class=\"fas fa-check\"><\/i>\t\t\t\t\t\t<\/span>\n\t\t\t\t\t\t\t\t\t\t<span class=\"elementor-icon-list-text\">We carry out reliable works with the principle of transparency in approach<\/span>\n\t\t\t\t\t\t\t\t\t<\/li>\n\t\t\t\t\t\t\t\t<li class=\"elementor-icon-list-item\">\n\t\t\t\t\t\t\t\t\t\t\t<span class=\"elementor-icon-list-icon\">\n\t\t\t\t\t\t\t<i aria-hidden=\"true\" class=\"fas fa-check\"><\/i>\t\t\t\t\t\t<\/span>\n\t\t\t\t\t\t\t\t\t\t<span class=\"elementor-icon-list-text\">With the professionalism we carry out before and during a project, our customers have been with us since the completion of the project.<\/span>\n\t\t\t\t\t\t\t\t\t<\/li>\n\t\t\t\t\t\t\t\t<li class=\"elementor-icon-list-item\">\n\t\t\t\t\t\t\t\t\t\t\t<span class=\"elementor-icon-list-icon\">\n\t\t\t\t\t\t\t<i aria-hidden=\"true\" class=\"fas fa-check\"><\/i>\t\t\t\t\t\t<\/span>\n\t\t\t\t\t\t\t\t\t\t<span class=\"elementor-icon-list-text\">We share our knowledge and expertise, while also being open to new ideas and suggestions to learn from others.<\/span>\n\t\t\t\t\t\t\t\t\t<\/li>\n\t\t\t\t\t\t\t\t<li class=\"elementor-icon-list-item\">\n\t\t\t\t\t\t\t\t\t\t\t<span class=\"elementor-icon-list-icon\">\n\t\t\t\t\t\t\t<i aria-hidden=\"true\" class=\"fas fa-check\"><\/i>\t\t\t\t\t\t<\/span>\n\t\t\t\t\t\t\t\t\t\t<span class=\"elementor-icon-list-text\">We take the necessary responsibilities throughout the entire process.<\/span>\n\t\t\t\t\t\t\t\t\t<\/li>\n\t\t\t\t\t\t\t\t<li class=\"elementor-icon-list-item\">\n\t\t\t\t\t\t\t\t\t\t\t<span class=\"elementor-icon-list-icon\">\n\t\t\t\t\t\t\t<i aria-hidden=\"true\" class=\"fas fa-check\"><\/i>\t\t\t\t\t\t<\/span>\n\t\t\t\t\t\t\t\t\t\t<span class=\"elementor-icon-list-text\">We understand and accept the philosophy of 'there can't be a finish line in the race for excellence' and always make room for improvement in the process.<\/span>\n\t\t\t\t\t\t\t\t\t<\/li>\n\t\t\t\t\t\t\t\t<li class=\"elementor-icon-list-item\">\n\t\t\t\t\t\t\t\t\t\t\t<span class=\"elementor-icon-list-icon\">\n\t\t\t\t\t\t\t<i aria-hidden=\"true\" class=\"fas fa-check\"><\/i>\t\t\t\t\t\t<\/span>\n\t\t\t\t\t\t\t\t\t\t<span class=\"elementor-icon-list-text\">We dedicate ourselves to providing only the best solutions. In this context, we guarantee that your project will be completed on time, within budget and to the highest possible standards.<\/span>\n\t\t\t\t\t\t\t\t\t<\/li>\n\t\t\t\t\t\t<\/ul>\n\t\t\t\t\t\t<\/div>\n\t\t\t\t<\/div>\n\t\t\t\t\t<\/div>\n\t\t<\/div>\n\t\t\t\t\t<\/div>\n\t\t<\/section>\n\t\t\t\t<section class=\"elementor-section elementor-top-section elementor-element elementor-element-7cc9610 elementor-section-stretched elementor-section-boxed elementor-section-height-default elementor-section-height-default\" data-id=\"7cc9610\" data-element_type=\"section\" data-settings=\"{&quot;stretch_section&quot;:&quot;section-stretched&quot;,&quot;background_background&quot;:&quot;classic&quot;,&quot;background_motion_fx_motion_fx_scrolling&quot;:&quot;yes&quot;,&quot;background_motion_fx_translateY_effect&quot;:&quot;yes&quot;,&quot;background_motion_fx_translateY_speed&quot;:{&quot;unit&quot;:&quot;px&quot;,&quot;size&quot;:4,&quot;sizes&quot;:[]},&quot;background_motion_fx_translateY_affectedRange&quot;:{&quot;unit&quot;:&quot;%&quot;,&quot;size&quot;:&quot;&quot;,&quot;sizes&quot;:{&quot;start&quot;:0,&quot;end&quot;:100}},&quot;background_motion_fx_devices&quot;:[&quot;desktop&quot;,&quot;tablet&quot;,&quot;mobile&quot;]}\">\n\t\t\t\t\t\t\t<div class=\"elementor-background-overlay\"><\/div>\n\t\t\t\t\t\t\t<div class=\"elementor-container elementor-column-gap-no\">\n\t\t\t\t\t<div class=\"elementor-column elementor-col-50 elementor-top-column elementor-element elementor-element-315e710 animated-fast elementor-invisible\" data-id=\"315e710\" data-element_type=\"column\" data-settings=\"{&quot;background_background&quot;:&quot;classic&quot;,&quot;animation&quot;:&quot;opal-move-up&quot;}\">\n\t\t\t<div class=\"elementor-widget-wrap elementor-element-populated\">\n\t\t\t\t\t\t<div class=\"elementor-element elementor-element-06336e5 elementor-position-left elementor-view-default icon-box-default elementor-vertical-align-top elementor-widget elementor-widget-icon-box\" data-id=\"06336e5\" data-element_type=\"widget\" data-widget_type=\"icon-box.default\">\n\t\t\t\t<div class=\"elementor-widget-container\">\n\t\t\t\t\t        <div class=\"elementor-icon-box-wrapper elementor-button-\">\n                <div class=\"elementor-icon-box-icon\">\n        <span class=\"elementor-icon elementor-animation-\" >\n                    <i class=\"opal-icon- opal-icon-city opal-custom\" aria-hidden=\"true\"><\/i>\n                <\/span>\n        <\/div>\n            <div class=\"elementor-icon-box-content\">\n        <h3 class=\"elementor-icon-box-title\">\n        <span >About Our Projects<\/span>\n        <\/h3>\n\n        <p class=\"elementor-icon-box-description\">You can reach all our projects and get detailed information.<\/p>\n\n        \n        <\/div>\n        <\/div>\n        \t\t\t\t<\/div>\n\t\t\t\t<\/div>\n\t\t\t\t<div class=\"elementor-element elementor-element-f4eca34 elementor-button-underline elementor-mobile-align-center elementor-widget elementor-widget-button\" data-id=\"f4eca34\" data-element_type=\"widget\" data-widget_type=\"button.default\">\n\t\t\t\t<div class=\"elementor-widget-container\">\n\t\t\t\t\t        <div class=\"elementor-button-wrapper\">\n            <a href=\"https:\/\/sevenspikes.com.tr\/en\/real-estate-and-consulting\/\" class=\"elementor-button-link elementor-button elementor-size-lg\" role=\"button\">\n                \t\t<span class=\"elementor-button-content-wrapper\">\n\t\t\t\t\t\t\t\t\t<span class=\"elementor-button-text\">All Projects<\/span>\n\t\t\t\t\t<\/span>\n\t\t            <\/a>\n        <\/div>\n        \t\t\t\t<\/div>\n\t\t\t\t<\/div>\n\t\t\t\t\t<\/div>\n\t\t<\/div>\n\t\t\t\t<div class=\"elementor-column elementor-col-50 elementor-top-column elementor-element elementor-element-e557182 animated-fast elementor-invisible\" data-id=\"e557182\" data-element_type=\"column\" data-settings=\"{&quot;background_background&quot;:&quot;classic&quot;,&quot;animation&quot;:&quot;opal-move-up&quot;,&quot;animation_delay&quot;:100}\">\n\t\t\t<div class=\"elementor-widget-wrap elementor-element-populated\">\n\t\t\t\t\t\t<div class=\"elementor-element elementor-element-d8bee17 elementor-position-left elementor-view-default icon-box-default elementor-vertical-align-top elementor-widget elementor-widget-icon-box\" data-id=\"d8bee17\" data-element_type=\"widget\" data-widget_type=\"icon-box.default\">\n\t\t\t\t<div class=\"elementor-widget-container\">\n\t\t\t\t\t        <div class=\"elementor-icon-box-wrapper elementor-button-\">\n                <div class=\"elementor-icon-box-icon\">\n        <span class=\"elementor-icon elementor-animation-\" >\n                    <i class=\"fas fa-users fa-solid\" aria-hidden=\"true\"><\/i>\n                <\/span>\n        <\/div>\n            <div class=\"elementor-icon-box-content\">\n        <h3 class=\"elementor-icon-box-title\">\n        <span >Get Support<\/span>\n        <\/h3>\n\n        <p class=\"elementor-icon-box-description\">To reach us, fill out the form on the link.<\/p>\n\n        \n        <\/div>\n        <\/div>\n        \t\t\t\t<\/div>\n\t\t\t\t<\/div>\n\t\t\t\t<div class=\"elementor-element elementor-element-b8d498d elementor-button-underline elementor-mobile-align-center elementor-widget elementor-widget-button\" data-id=\"b8d498d\" data-element_type=\"widget\" data-widget_type=\"button.default\">\n\t\t\t\t<div class=\"elementor-widget-container\">\n\t\t\t\t\t        <div class=\"elementor-button-wrapper\">\n            <a href=\"https:\/\/sevenspikes.com.tr\/en\/contact\/\" class=\"elementor-button-link elementor-button elementor-size-lg\" role=\"button\">\n                \t\t<span class=\"elementor-button-content-wrapper\">\n\t\t\t\t\t\t\t\t\t<span class=\"elementor-button-text\">Communication<\/span>\n\t\t\t\t\t<\/span>\n\t\t            <\/a>\n        <\/div>\n        \t\t\t\t<\/div>\n\t\t\t\t<\/div>\n\t\t\t\t\t<\/div>\n\t\t<\/div>\n\t\t\t\t\t<\/div>\n\t\t<\/section>\n\t\t\t\t<\/div>\n\t\t","protected":false},"excerpt":{"rendered":"<p>About Seven Spikes SevenSpikes, a dynamic and rapidly growing company headquartered in Dubai, has decided to expand its operations and establish a strong international presence. As part of its expansion plan, SevenSpikes has opened a new branch in Turkey in 2020. This step marks an exciting milestone in the company\u2019s journey, aiming to expand its &hellip; <\/p>\n<p class=\"link-more\"><a href=\"https:\/\/www.sevenspikes.com.tr\/en\/about-us\/\" class=\"more-link\">Read More <span class=\"screen-reader-text\"> &#8220;About Us&#8221;<\/span><\/a><\/p>\n","protected":false},"author":1,"featured_media":0,"parent":0,"menu_order":0,"comment_status":"closed","ping_status":"closed","template":"page-elementor.php","meta":{"inline_featured_image":false,"footnotes":""},"class_list":["post-10754","page","type-page","status-publish","hentry"],"yoast_head":"<!-- This site is optimized with the Yoast SEO plugin v24.5 - https:\/\/yoast.com\/wordpress\/plugins\/seo\/ -->\n<title>About Us - Seven Spikes T\u00fcrkiye<\/title>\n<meta name=\"robots\" content=\"index, follow, max-snippet:-1, max-image-preview:large, max-video-preview:-1\" \/>\n<link rel=\"canonical\" href=\"https:\/\/www.sevenspikes.com.tr\/en\/about-us\/\" \/>\n<meta property=\"og:locale\" content=\"en_US\" \/>\n<meta property=\"og:type\" content=\"article\" \/>\n<meta property=\"og:title\" content=\"About Us - Seven Spikes T\u00fcrkiye\" \/>\n<meta property=\"og:description\" content=\"About Seven Spikes SevenSpikes, a dynamic and rapidly growing company headquartered in Dubai, has decided to expand its operations and establish a strong international presence. As part of its expansion plan, SevenSpikes has opened a new branch in Turkey in 2020. This step marks an exciting milestone in the company\u2019s journey, aiming to expand its &hellip; Read More &quot;About Us&quot;\" \/>\n<meta property=\"og:url\" content=\"https:\/\/www.sevenspikes.com.tr\/en\/about-us\/\" \/>\n<meta property=\"og:site_name\" content=\"Seven Spikes T\u00fcrkiye\" \/>\n<meta property=\"article:modified_time\" content=\"2025-02-20T18:07:40+00:00\" \/>\n<meta property=\"og:image\" content=\"https:\/\/sevenspikes.com.tr\/wp-content\/uploads\/2025\/02\/modern-buildings-with-yellow-lines-1024x676.jpg\" \/>\n<meta name=\"twitter:card\" content=\"summary_large_image\" \/>\n<meta name=\"twitter:label1\" content=\"Est. reading time\" \/>\n\t<meta name=\"twitter:data1\" content=\"2 minutes\" \/>\n<script type=\"application\/ld+json\" class=\"yoast-schema-graph\">{\"@context\":\"https:\/\/schema.org\",\"@graph\":[{\"@type\":\"WebPage\",\"@id\":\"https:\/\/www.sevenspikes.com.tr\/en\/about-us\/\",\"url\":\"https:\/\/www.sevenspikes.com.tr\/en\/about-us\/\",\"name\":\"About Us - Seven Spikes T\u00fcrkiye\",\"isPartOf\":{\"@id\":\"https:\/\/www.sevenspikes.com.tr\/#website\"},\"primaryImageOfPage\":{\"@id\":\"https:\/\/www.sevenspikes.com.tr\/en\/about-us\/#primaryimage\"},\"image\":{\"@id\":\"https:\/\/www.sevenspikes.com.tr\/en\/about-us\/#primaryimage\"},\"thumbnailUrl\":\"https:\/\/sevenspikes.com.tr\/wp-content\/uploads\/2025\/02\/modern-buildings-with-yellow-lines-1024x676.jpg\",\"datePublished\":\"2019-10-23T06:17:55+00:00\",\"dateModified\":\"2025-02-20T18:07:40+00:00\",\"inLanguage\":\"en-US\",\"potentialAction\":[{\"@type\":\"ReadAction\",\"target\":[\"https:\/\/www.sevenspikes.com.tr\/en\/about-us\/\"]}]},{\"@type\":\"ImageObject\",\"inLanguage\":\"en-US\",\"@id\":\"https:\/\/www.sevenspikes.com.tr\/en\/about-us\/#primaryimage\",\"url\":\"https:\/\/sevenspikes.com.tr\/wp-content\/uploads\/2025\/02\/modern-buildings-with-yellow-lines-1024x676.jpg\",\"contentUrl\":\"https:\/\/sevenspikes.com.tr\/wp-content\/uploads\/2025\/02\/modern-buildings-with-yellow-lines-1024x676.jpg\"},{\"@type\":\"WebSite\",\"@id\":\"https:\/\/www.sevenspikes.com.tr\/#website\",\"url\":\"https:\/\/www.sevenspikes.com.tr\/\",\"name\":\"Seven Spikes T\u00fcrkiye\",\"description\":\"\u0130n\u015faat - Yat\u0131r\u0131m Dan\u0131\u015fmanl\u0131k ve Gayrimenkul Ticaret\",\"publisher\":{\"@id\":\"https:\/\/www.sevenspikes.com.tr\/#organization\"},\"potentialAction\":[{\"@type\":\"SearchAction\",\"target\":{\"@type\":\"EntryPoint\",\"urlTemplate\":\"https:\/\/www.sevenspikes.com.tr\/?s={search_term_string}\"},\"query-input\":{\"@type\":\"PropertyValueSpecification\",\"valueRequired\":true,\"valueName\":\"search_term_string\"}}],\"inLanguage\":\"en-US\"},{\"@type\":\"Organization\",\"@id\":\"https:\/\/www.sevenspikes.com.tr\/#organization\",\"name\":\"Seven Spikes T\u00fcrkiye\",\"url\":\"https:\/\/www.sevenspikes.com.tr\/\",\"logo\":{\"@type\":\"ImageObject\",\"inLanguage\":\"en-US\",\"@id\":\"https:\/\/www.sevenspikes.com.tr\/#\/schema\/logo\/image\/\",\"url\":\"https:\/\/www.sevenspikes.com.tr\/wp-content\/uploads\/2023\/02\/seven.png\",\"contentUrl\":\"https:\/\/www.sevenspikes.com.tr\/wp-content\/uploads\/2023\/02\/seven.png\",\"width\":300,\"height\":180,\"caption\":\"Seven Spikes T\u00fcrkiye\"},\"image\":{\"@id\":\"https:\/\/www.sevenspikes.com.tr\/#\/schema\/logo\/image\/\"}}]}<\/script>\n<!-- \/ Yoast SEO plugin. -->","yoast_head_json":{"title":"About Us - Seven Spikes T\u00fcrkiye","robots":{"index":"index","follow":"follow","max-snippet":"max-snippet:-1","max-image-preview":"max-image-preview:large","max-video-preview":"max-video-preview:-1"},"canonical":"https:\/\/www.sevenspikes.com.tr\/en\/about-us\/","og_locale":"en_US","og_type":"article","og_title":"About Us - Seven Spikes T\u00fcrkiye","og_description":"About Seven Spikes SevenSpikes, a dynamic and rapidly growing company headquartered in Dubai, has decided to expand its operations and establish a strong international presence. As part of its expansion plan, SevenSpikes has opened a new branch in Turkey in 2020. This step marks an exciting milestone in the company\u2019s journey, aiming to expand its &hellip; Read More \"About Us\"","og_url":"https:\/\/www.sevenspikes.com.tr\/en\/about-us\/","og_site_name":"Seven Spikes T\u00fcrkiye","article_modified_time":"2025-02-20T18:07:40+00:00","og_image":[{"url":"https:\/\/sevenspikes.com.tr\/wp-content\/uploads\/2025\/02\/modern-buildings-with-yellow-lines-1024x676.jpg","type":"","width":"","height":""}],"twitter_card":"summary_large_image","twitter_misc":{"Est. reading time":"2 minutes"},"schema":{"@context":"https:\/\/schema.org","@graph":[{"@type":"WebPage","@id":"https:\/\/www.sevenspikes.com.tr\/en\/about-us\/","url":"https:\/\/www.sevenspikes.com.tr\/en\/about-us\/","name":"About Us - Seven Spikes T\u00fcrkiye","isPartOf":{"@id":"https:\/\/www.sevenspikes.com.tr\/#website"},"primaryImageOfPage":{"@id":"https:\/\/www.sevenspikes.com.tr\/en\/about-us\/#primaryimage"},"image":{"@id":"https:\/\/www.sevenspikes.com.tr\/en\/about-us\/#primaryimage"},"thumbnailUrl":"https:\/\/sevenspikes.com.tr\/wp-content\/uploads\/2025\/02\/modern-buildings-with-yellow-lines-1024x676.jpg","datePublished":"2019-10-23T06:17:55+00:00","dateModified":"2025-02-20T18:07:40+00:00","inLanguage":"en-US","potentialAction":[{"@type":"ReadAction","target":["https:\/\/www.sevenspikes.com.tr\/en\/about-us\/"]}]},{"@type":"ImageObject","inLanguage":"en-US","@id":"https:\/\/www.sevenspikes.com.tr\/en\/about-us\/#primaryimage","url":"https:\/\/sevenspikes.com.tr\/wp-content\/uploads\/2025\/02\/modern-buildings-with-yellow-lines-1024x676.jpg","contentUrl":"https:\/\/sevenspikes.com.tr\/wp-content\/uploads\/2025\/02\/modern-buildings-with-yellow-lines-1024x676.jpg"},{"@type":"WebSite","@id":"https:\/\/www.sevenspikes.com.tr\/#website","url":"https:\/\/www.sevenspikes.com.tr\/","name":"Seven Spikes T\u00fcrkiye","description":"\u0130n\u015faat - Yat\u0131r\u0131m Dan\u0131\u015fmanl\u0131k ve Gayrimenkul Ticaret","publisher":{"@id":"https:\/\/www.sevenspikes.com.tr\/#organization"},"potentialAction":[{"@type":"SearchAction","target":{"@type":"EntryPoint","urlTemplate":"https:\/\/www.sevenspikes.com.tr\/?s={search_term_string}"},"query-input":{"@type":"PropertyValueSpecification","valueRequired":true,"valueName":"search_term_string"}}],"inLanguage":"en-US"},{"@type":"Organization","@id":"https:\/\/www.sevenspikes.com.tr\/#organization","name":"Seven Spikes T\u00fcrkiye","url":"https:\/\/www.sevenspikes.com.tr\/","logo":{"@type":"ImageObject","inLanguage":"en-US","@id":"https:\/\/www.sevenspikes.com.tr\/#\/schema\/logo\/image\/","url":"https:\/\/www.sevenspikes.com.tr\/wp-content\/uploads\/2023\/02\/seven.png","contentUrl":"https:\/\/www.sevenspikes.com.tr\/wp-content\/uploads\/2023\/02\/seven.png","width":300,"height":180,"caption":"Seven Spikes T\u00fcrkiye"},"image":{"@id":"https:\/\/www.sevenspikes.com.tr\/#\/schema\/logo\/image\/"}}]}},"_links":{"self":[{"href":"https:\/\/www.sevenspikes.com.tr\/en\/wp-json\/wp\/v2\/pages\/10754","targetHints":{"allow":["GET"]}}],"collection":[{"href":"https:\/\/www.sevenspikes.com.tr\/en\/wp-json\/wp\/v2\/pages"}],"about":[{"href":"https:\/\/www.sevenspikes.com.tr\/en\/wp-json\/wp\/v2\/types\/page"}],"author":[{"embeddable":true,"href":"https:\/\/www.sevenspikes.com.tr\/en\/wp-json\/wp\/v2\/users\/1"}],"replies":[{"embeddable":true,"href":"https:\/\/www.sevenspikes.com.tr\/en\/wp-json\/wp\/v2\/comments?post=10754"}],"version-history":[{"count":6,"href":"https:\/\/www.sevenspikes.com.tr\/en\/wp-json\/wp\/v2\/pages\/10754\/revisions"}],"predecessor-version":[{"id":11064,"href":"https:\/\/www.sevenspikes.com.tr\/en\/wp-json\/wp\/v2\/pages\/10754\/revisions\/11064"}],"wp:attachment":[{"href":"https:\/\/www.sevenspikes.com.tr\/en\/wp-json\/wp\/v2\/media?parent=10754"}],"curies":[{"name":"wp","href":"https:\/\/api.w.org\/{rel}","templated":true}]}}