{"id":10492,"date":"2023-03-23T16:05:21","date_gmt":"2023-03-23T13:05:21","guid":{"rendered":"https:\/\/sevenspikes.com.tr\/misyon-ve-vizyon\/"},"modified":"2025-02-15T02:35:21","modified_gmt":"2025-02-14T23:35:21","slug":"mission-vision","status":"publish","type":"page","link":"https:\/\/www.sevenspikes.com.tr\/en\/mission-vision\/","title":{"rendered":"Mission and Vision"},"content":{"rendered":"\t\t<div data-elementor-type=\"wp-page\" data-elementor-id=\"10492\" class=\"elementor elementor-10492 elementor-7503\">\n\t\t\t\t\t\t<section class=\"elementor-section elementor-top-section elementor-element elementor-element-60f0689 elementor-section-boxed elementor-section-height-default elementor-section-height-default\" data-id=\"60f0689\" data-element_type=\"section\">\n\t\t\t\t\t\t<div class=\"elementor-container elementor-column-gap-default\">\n\t\t\t\t\t<div class=\"elementor-column elementor-col-100 elementor-top-column elementor-element elementor-element-c8722d8\" data-id=\"c8722d8\" data-element_type=\"column\">\n\t\t\t<div class=\"elementor-widget-wrap elementor-element-populated\">\n\t\t\t\t\t\t<section class=\"elementor-section elementor-inner-section elementor-element elementor-element-29a9907 elementor-section-boxed elementor-section-height-default elementor-section-height-default\" data-id=\"29a9907\" data-element_type=\"section\">\n\t\t\t\t\t\t<div class=\"elementor-container elementor-column-gap-default\">\n\t\t\t\t\t<div class=\"elementor-column elementor-col-50 elementor-inner-column elementor-element elementor-element-f890748\" data-id=\"f890748\" data-element_type=\"column\">\n\t\t\t<div class=\"elementor-widget-wrap elementor-element-populated\">\n\t\t\t\t\t\t<div class=\"elementor-element elementor-element-8589960 elementor-widget elementor-widget-heading\" data-id=\"8589960\" data-element_type=\"widget\" data-widget_type=\"heading.default\">\n\t\t\t\t<div class=\"elementor-widget-container\">\n\t\t\t\t\t<div class=\"elementor-heading-wrapper\" ><div class=\"elementor-heading-wrapper-inner\"><h2 class=\"elementor-heading-title elementor-size-default\">Our Mission<\/h2><\/div><\/div>\t\t\t\t<\/div>\n\t\t\t\t<\/div>\n\t\t\t\t<div class=\"elementor-element elementor-element-4423b60 elementor-widget elementor-widget-text-editor\" data-id=\"4423b60\" data-element_type=\"widget\" data-widget_type=\"text-editor.default\">\n\t\t\t\t<div class=\"elementor-widget-container\">\n\t\t\t\t\t        <div class=\"elementor-text-editor elementor-clearfix\"><p>As an organization, we are always open to growth, our vision is long-term and our aim is to provide the highest level of contribution in service and support to our business partners globally. We take an open approach to customer suggestions and always protect their interests.<\/p>\n<\/div>\n        \t\t\t\t<\/div>\n\t\t\t\t<\/div>\n\t\t\t\t\t<\/div>\n\t\t<\/div>\n\t\t\t\t<div class=\"elementor-column elementor-col-50 elementor-inner-column elementor-element elementor-element-04a355d\" data-id=\"04a355d\" data-element_type=\"column\">\n\t\t\t<div class=\"elementor-widget-wrap elementor-element-populated\">\n\t\t\t\t\t\t<div class=\"elementor-element elementor-element-4740c9f elementor-widget elementor-widget-heading\" data-id=\"4740c9f\" data-element_type=\"widget\" data-widget_type=\"heading.default\">\n\t\t\t\t<div class=\"elementor-widget-container\">\n\t\t\t\t\t<div class=\"elementor-heading-wrapper\" ><div class=\"elementor-heading-wrapper-inner\"><h2 class=\"elementor-heading-title elementor-size-default\">Our Vision<\/h2><\/div><\/div>\t\t\t\t<\/div>\n\t\t\t\t<\/div>\n\t\t\t\t<div class=\"elementor-element elementor-element-78b8f66 elementor-widget elementor-widget-text-editor\" data-id=\"78b8f66\" data-element_type=\"widget\" data-widget_type=\"text-editor.default\">\n\t\t\t\t<div class=\"elementor-widget-container\">\n\t\t\t\t\t        <div class=\"elementor-text-editor elementor-clearfix\"><p>Professionalism and reliability in the construction, investment consultancy, general trading sectors can be achieved by adopting the latest theories and technical concepts. We aim to be recognized as the industry leader with unrivaled standards and superior qualifications by demonstrating excellent performance in terms of quality, safety and environmental awareness.<\/p>\n<\/div>\n        \t\t\t\t<\/div>\n\t\t\t\t<\/div>\n\t\t\t\t\t<\/div>\n\t\t<\/div>\n\t\t\t\t\t<\/div>\n\t\t<\/section>\n\t\t\t\t\t<\/div>\n\t\t<\/div>\n\t\t\t\t\t<\/div>\n\t\t<\/section>\n\t\t\t\t<section class=\"elementor-section elementor-top-section elementor-element elementor-element-100d29d elementor-section-boxed elementor-section-height-default elementor-section-height-default\" data-id=\"100d29d\" data-element_type=\"section\">\n\t\t\t\t\t\t<div class=\"elementor-container elementor-column-gap-default\">\n\t\t\t\t\t<div class=\"elementor-column elementor-col-100 elementor-top-column elementor-element elementor-element-2b9bc63\" data-id=\"2b9bc63\" data-element_type=\"column\">\n\t\t\t<div class=\"elementor-widget-wrap elementor-element-populated\">\n\t\t\t\t\t\t<div class=\"elementor-element elementor-element-63890f8 elementor-widget elementor-widget-heading\" data-id=\"63890f8\" data-element_type=\"widget\" data-widget_type=\"heading.default\">\n\t\t\t\t<div class=\"elementor-widget-container\">\n\t\t\t\t\t<div class=\"elementor-heading-wrapper\" ><div class=\"elementor-heading-wrapper-inner\"><h2 class=\"elementor-heading-title elementor-size-default\">Our Values<\/h2><\/div><\/div>\t\t\t\t<\/div>\n\t\t\t\t<\/div>\n\t\t\t\t<div class=\"elementor-element elementor-element-bc2d370 elementor-widget elementor-widget-text-editor\" data-id=\"bc2d370\" data-element_type=\"widget\" data-widget_type=\"text-editor.default\">\n\t\t\t\t<div class=\"elementor-widget-container\">\n\t\t\t\t\t        <div class=\"elementor-text-editor elementor-clearfix\"><ul>\n<li><b>Honesty and Transparency<\/b> \u2013 We conduct our business with integrity, fairness and openness, building trust with our customers and business partners.<\/li>\n<li><b>Excellence and Quality<\/b> \u2013 We are committed to delivering superior quality on every project, focusing on achieving the best results.<\/li>\n<li><b>Innovation and Continuous Improvement <\/b>\u2013 \u200b\u200bWe deliver contemporary solutions by embracing the latest industry trends and technologies.<\/li>\n<li><b>Customer Focus<\/b> \u2013 We prioritize the needs and satisfaction of our customers and shape our services according to their expectations.<\/li>\n<li><b>Sustainability and Responsibility<\/b> \u2013 We work for a sustainable future by adopting environmentally friendly practices and ethical business principles.<\/li>\n<li><b>Reliability and Professionalism<\/b> \u2013 We maintain the highest standards of professionalism and reliability in all our business processes.<\/li>\n<li><b>Collaboration and Partnership<\/b> \u2013 We believe in strong, long-term business partnerships and work closely with our customers, suppliers and stakeholders.<\/li>\n<\/ul>\n<\/div>\n        \t\t\t\t<\/div>\n\t\t\t\t<\/div>\n\t\t\t\t\t<\/div>\n\t\t<\/div>\n\t\t\t\t\t<\/div>\n\t\t<\/section>\n\t\t\t\t<div class=\"elementor-section elementor-top-section elementor-element elementor-element-d4f744d elementor-section-height-min-height elementor-section-content-middle elementor-section-stretched elementor-section-boxed elementor-section-height-default elementor-section-items-middle\" data-id=\"d4f744d\" data-element_type=\"section\" data-settings=\"{&quot;stretch_section&quot;:&quot;section-stretched&quot;,&quot;background_background&quot;:&quot;classic&quot;,&quot;background_motion_fx_motion_fx_scrolling&quot;:&quot;yes&quot;,&quot;background_motion_fx_translateY_effect&quot;:&quot;yes&quot;,&quot;background_motion_fx_translateY_speed&quot;:{&quot;unit&quot;:&quot;px&quot;,&quot;size&quot;:4,&quot;sizes&quot;:[]},&quot;background_motion_fx_translateY_affectedRange&quot;:{&quot;unit&quot;:&quot;%&quot;,&quot;size&quot;:&quot;&quot;,&quot;sizes&quot;:{&quot;start&quot;:0,&quot;end&quot;:100}},&quot;background_motion_fx_devices&quot;:[&quot;desktop&quot;,&quot;tablet&quot;,&quot;mobile&quot;]}\">\n\t\t\t\t\t\t\t<div class=\"elementor-background-overlay\"><\/div>\n\t\t\t\t\t\t\t<div class=\"elementor-container elementor-column-gap-default\">\n\t\t\t\t\t<div class=\"elementor-column elementor-col-100 elementor-top-column elementor-element elementor-element-e4f52ba\" data-id=\"e4f52ba\" data-element_type=\"column\">\n\t\t\t<div class=\"elementor-widget-wrap elementor-element-populated\">\n\t\t\t\t\t\t<div class=\"elementor-element elementor-element-3545130 elementor-widget__width-initial elementor-invisible elementor-widget elementor-widget-heading\" data-id=\"3545130\" data-element_type=\"widget\" data-settings=\"{&quot;_animation&quot;:&quot;fadeInDown&quot;}\" data-widget_type=\"heading.default\">\n\t\t\t\t<div class=\"elementor-widget-container\">\n\t\t\t\t\t<div class=\"elementor-heading-wrapper\" ><div class=\"elementor-heading-wrapper-inner\"><h2 class=\"elementor-heading-title elementor-size-default\">Value-adding engineering, <b>sustainable future!<\/b><\/h2><\/div><\/div>\t\t\t\t<\/div>\n\t\t\t\t<\/div>\n\t\t\t\t<div class=\"elementor-element elementor-element-70f3141 elementor-widget__width-initial elementor-widget elementor-widget-text-editor\" data-id=\"70f3141\" data-element_type=\"widget\" data-widget_type=\"text-editor.default\">\n\t\t\t\t<div class=\"elementor-widget-container\">\n\t\t\t\t\t        <div class=\"elementor-text-editor elementor-clearfix\"><p>We add value to our customers with strong engineering, effective management and sustainable solutions. We build the future with our trust, transparency and innovative approaches, and act with sensitivity towards the environment and society.<\/p>\n<\/div>\n        \t\t\t\t<\/div>\n\t\t\t\t<\/div>\n\t\t\t\t\t<\/div>\n\t\t<\/div>\n\t\t\t\t\t<\/div>\n\t\t<\/div>\n\t\t\t\t<\/div>\n\t\t","protected":false},"excerpt":{"rendered":"<p>Our Mission As an organization, we are always open to growth, our vision is long-term and our aim is to provide the highest level of contribution in service and support to our business partners globally. We take an open approach to customer suggestions and always protect their interests. Our Vision Professionalism and reliability in the &hellip; <\/p>\n<p class=\"link-more\"><a href=\"https:\/\/www.sevenspikes.com.tr\/en\/mission-vision\/\" class=\"more-link\">Read More <span class=\"screen-reader-text\"> &#8220;Mission and Vision&#8221;<\/span><\/a><\/p>\n","protected":false},"author":1,"featured_media":0,"parent":0,"menu_order":0,"comment_status":"closed","ping_status":"closed","template":"","meta":{"inline_featured_image":false,"footnotes":""},"class_list":["post-10492","page","type-page","status-publish","hentry"],"yoast_head":"<!-- This site is optimized with the Yoast SEO plugin v24.5 - https:\/\/yoast.com\/wordpress\/plugins\/seo\/ -->\n<title>Mission and Vision - Seven Spikes T\u00fcrkiye<\/title>\n<meta name=\"robots\" content=\"index, follow, max-snippet:-1, max-image-preview:large, max-video-preview:-1\" \/>\n<link rel=\"canonical\" href=\"https:\/\/www.sevenspikes.com.tr\/en\/mission-vision\/\" \/>\n<meta property=\"og:locale\" content=\"en_US\" \/>\n<meta property=\"og:type\" content=\"article\" \/>\n<meta property=\"og:title\" content=\"Mission and Vision - Seven Spikes T\u00fcrkiye\" \/>\n<meta property=\"og:description\" content=\"Our Mission As an organization, we are always open to growth, our vision is long-term and our aim is to provide the highest level of contribution in service and support to our business partners globally. We take an open approach to customer suggestions and always protect their interests. Our Vision Professionalism and reliability in the &hellip; Read More &quot;Mission and Vision&quot;\" \/>\n<meta property=\"og:url\" content=\"https:\/\/www.sevenspikes.com.tr\/en\/mission-vision\/\" \/>\n<meta property=\"og:site_name\" content=\"Seven Spikes T\u00fcrkiye\" \/>\n<meta property=\"article:modified_time\" content=\"2025-02-14T23:35:21+00:00\" \/>\n<meta name=\"twitter:card\" content=\"summary_large_image\" \/>\n<meta name=\"twitter:label1\" content=\"Est. reading time\" \/>\n\t<meta name=\"twitter:data1\" content=\"2 minutes\" \/>\n<script type=\"application\/ld+json\" class=\"yoast-schema-graph\">{\"@context\":\"https:\/\/schema.org\",\"@graph\":[{\"@type\":\"WebPage\",\"@id\":\"https:\/\/www.sevenspikes.com.tr\/en\/mission-vision\/\",\"url\":\"https:\/\/www.sevenspikes.com.tr\/en\/mission-vision\/\",\"name\":\"Mission and Vision - Seven Spikes T\u00fcrkiye\",\"isPartOf\":{\"@id\":\"https:\/\/www.sevenspikes.com.tr\/#website\"},\"datePublished\":\"2023-03-23T13:05:21+00:00\",\"dateModified\":\"2025-02-14T23:35:21+00:00\",\"inLanguage\":\"en-US\",\"potentialAction\":[{\"@type\":\"ReadAction\",\"target\":[\"https:\/\/www.sevenspikes.com.tr\/en\/mission-vision\/\"]}]},{\"@type\":\"WebSite\",\"@id\":\"https:\/\/www.sevenspikes.com.tr\/#website\",\"url\":\"https:\/\/www.sevenspikes.com.tr\/\",\"name\":\"Seven Spikes T\u00fcrkiye\",\"description\":\"\u0130n\u015faat - Yat\u0131r\u0131m Dan\u0131\u015fmanl\u0131k ve Gayrimenkul Ticaret\",\"publisher\":{\"@id\":\"https:\/\/www.sevenspikes.com.tr\/#organization\"},\"potentialAction\":[{\"@type\":\"SearchAction\",\"target\":{\"@type\":\"EntryPoint\",\"urlTemplate\":\"https:\/\/www.sevenspikes.com.tr\/?s={search_term_string}\"},\"query-input\":{\"@type\":\"PropertyValueSpecification\",\"valueRequired\":true,\"valueName\":\"search_term_string\"}}],\"inLanguage\":\"en-US\"},{\"@type\":\"Organization\",\"@id\":\"https:\/\/www.sevenspikes.com.tr\/#organization\",\"name\":\"Seven Spikes T\u00fcrkiye\",\"url\":\"https:\/\/www.sevenspikes.com.tr\/\",\"logo\":{\"@type\":\"ImageObject\",\"inLanguage\":\"en-US\",\"@id\":\"https:\/\/www.sevenspikes.com.tr\/#\/schema\/logo\/image\/\",\"url\":\"https:\/\/www.sevenspikes.com.tr\/wp-content\/uploads\/2023\/02\/seven.png\",\"contentUrl\":\"https:\/\/www.sevenspikes.com.tr\/wp-content\/uploads\/2023\/02\/seven.png\",\"width\":300,\"height\":180,\"caption\":\"Seven Spikes T\u00fcrkiye\"},\"image\":{\"@id\":\"https:\/\/www.sevenspikes.com.tr\/#\/schema\/logo\/image\/\"}}]}<\/script>\n<!-- \/ Yoast SEO plugin. -->","yoast_head_json":{"title":"Mission and Vision - Seven Spikes T\u00fcrkiye","robots":{"index":"index","follow":"follow","max-snippet":"max-snippet:-1","max-image-preview":"max-image-preview:large","max-video-preview":"max-video-preview:-1"},"canonical":"https:\/\/www.sevenspikes.com.tr\/en\/mission-vision\/","og_locale":"en_US","og_type":"article","og_title":"Mission and Vision - Seven Spikes T\u00fcrkiye","og_description":"Our Mission As an organization, we are always open to growth, our vision is long-term and our aim is to provide the highest level of contribution in service and support to our business partners globally. We take an open approach to customer suggestions and always protect their interests. Our Vision Professionalism and reliability in the &hellip; Read More \"Mission and Vision\"","og_url":"https:\/\/www.sevenspikes.com.tr\/en\/mission-vision\/","og_site_name":"Seven Spikes T\u00fcrkiye","article_modified_time":"2025-02-14T23:35:21+00:00","twitter_card":"summary_large_image","twitter_misc":{"Est. reading time":"2 minutes"},"schema":{"@context":"https:\/\/schema.org","@graph":[{"@type":"WebPage","@id":"https:\/\/www.sevenspikes.com.tr\/en\/mission-vision\/","url":"https:\/\/www.sevenspikes.com.tr\/en\/mission-vision\/","name":"Mission and Vision - Seven Spikes T\u00fcrkiye","isPartOf":{"@id":"https:\/\/www.sevenspikes.com.tr\/#website"},"datePublished":"2023-03-23T13:05:21+00:00","dateModified":"2025-02-14T23:35:21+00:00","inLanguage":"en-US","potentialAction":[{"@type":"ReadAction","target":["https:\/\/www.sevenspikes.com.tr\/en\/mission-vision\/"]}]},{"@type":"WebSite","@id":"https:\/\/www.sevenspikes.com.tr\/#website","url":"https:\/\/www.sevenspikes.com.tr\/","name":"Seven Spikes T\u00fcrkiye","description":"\u0130n\u015faat - Yat\u0131r\u0131m Dan\u0131\u015fmanl\u0131k ve Gayrimenkul Ticaret","publisher":{"@id":"https:\/\/www.sevenspikes.com.tr\/#organization"},"potentialAction":[{"@type":"SearchAction","target":{"@type":"EntryPoint","urlTemplate":"https:\/\/www.sevenspikes.com.tr\/?s={search_term_string}"},"query-input":{"@type":"PropertyValueSpecification","valueRequired":true,"valueName":"search_term_string"}}],"inLanguage":"en-US"},{"@type":"Organization","@id":"https:\/\/www.sevenspikes.com.tr\/#organization","name":"Seven Spikes T\u00fcrkiye","url":"https:\/\/www.sevenspikes.com.tr\/","logo":{"@type":"ImageObject","inLanguage":"en-US","@id":"https:\/\/www.sevenspikes.com.tr\/#\/schema\/logo\/image\/","url":"https:\/\/www.sevenspikes.com.tr\/wp-content\/uploads\/2023\/02\/seven.png","contentUrl":"https:\/\/www.sevenspikes.com.tr\/wp-content\/uploads\/2023\/02\/seven.png","width":300,"height":180,"caption":"Seven Spikes T\u00fcrkiye"},"image":{"@id":"https:\/\/www.sevenspikes.com.tr\/#\/schema\/logo\/image\/"}}]}},"_links":{"self":[{"href":"https:\/\/www.sevenspikes.com.tr\/en\/wp-json\/wp\/v2\/pages\/10492","targetHints":{"allow":["GET"]}}],"collection":[{"href":"https:\/\/www.sevenspikes.com.tr\/en\/wp-json\/wp\/v2\/pages"}],"about":[{"href":"https:\/\/www.sevenspikes.com.tr\/en\/wp-json\/wp\/v2\/types\/page"}],"author":[{"embeddable":true,"href":"https:\/\/www.sevenspikes.com.tr\/en\/wp-json\/wp\/v2\/users\/1"}],"replies":[{"embeddable":true,"href":"https:\/\/www.sevenspikes.com.tr\/en\/wp-json\/wp\/v2\/comments?post=10492"}],"version-history":[{"count":3,"href":"https:\/\/www.sevenspikes.com.tr\/en\/wp-json\/wp\/v2\/pages\/10492\/revisions"}],"predecessor-version":[{"id":10508,"href":"https:\/\/www.sevenspikes.com.tr\/en\/wp-json\/wp\/v2\/pages\/10492\/revisions\/10508"}],"wp:attachment":[{"href":"https:\/\/www.sevenspikes.com.tr\/en\/wp-json\/wp\/v2\/media?parent=10492"}],"curies":[{"name":"wp","href":"https:\/\/api.w.org\/{rel}","templated":true}]}}